{"id":2101,"date":"2023-02-05T06:55:25","date_gmt":"2023-02-05T06:55:25","guid":{"rendered":"https:\/\/www.hotelescorial.cl\/?page_id=2101"},"modified":"2023-03-30T16:13:11","modified_gmt":"2023-03-30T16:13:11","slug":"convenio-con-empresas","status":"publish","type":"page","link":"https:\/\/www.hotelescorial.cl\/?page_id=2101","title":{"rendered":"Convenio con Empresas"},"content":{"rendered":"<p>[vc_section][vc_row][vc_column]<a href=\"https:\/\/www.hotelescorial.cl\/\/wp-content\/uploads\/Hotel_Escorial.mp4\" class=\"video-btn js-video-btn\"><img width=\"1000\" height=\"562\" src=\"https:\/\/www.hotelescorial.cl\/wp-content\/uploads\/2023\/02\/la-serena-6.jpg.webp\" class=\"img-fluid\" alt=\"\" decoding=\"async\" loading=\"lazy\" srcset=\"https:\/\/www.hotelescorial.cl\/wp-content\/uploads\/2023\/02\/la-serena-6.jpg.webp 1000w, https:\/\/www.hotelescorial.cl\/wp-content\/uploads\/2023\/02\/la-serena-6.jpg-300x169.webp 300w, https:\/\/www.hotelescorial.cl\/wp-content\/uploads\/2023\/02\/la-serena-6.jpg-768x432.webp 768w, https:\/\/www.hotelescorial.cl\/wp-content\/uploads\/2023\/02\/la-serena-6.jpg-370x208.webp 370w, https:\/\/www.hotelescorial.cl\/wp-content\/uploads\/2023\/02\/la-serena-6.jpg-145x81.webp 145w\" sizes=\"(max-width: 1000px) 100vw, 1000px\" \/><\/a>\r\n\r\n[vc_column_text]<\/p>\n<p style=\"text-align: justify;\">\u00a0 \u00a0En el Hotel Escorial, entendemos la importancia de establecer relaciones a largo plazo con nuestros clientes empresariales. Por eso, ofrecemos convenios especiales para empresas que buscan un lugar c\u00f3modo y central para hospedarse en La Serena.<\/p>\n<p style=\"text-align: justify;\">\u00a0 \u00a0A trav\u00e9s de nuestros convenios, las empresas pueden disfrutar de descuentos especiales en el precio de la habitaci\u00f3n, preferencia en la reserva de habitaciones, estacionamiento gratuito y desayuno incluido para todos sus empleados. Adem\u00e1s, ofrecemos la posibilidad de <a href=\"https:\/\/www.hotelescorial.cl\/?page_id=2055\">alquilar un sal\u00f3n de reuniones privado con la opci\u00f3n de contratar un servicio de coffee break y tecnolog\u00eda para sus eventos.<\/a><\/p>\n<p style=\"text-align: justify;\">\u00a0 \u00a0Si su empresa busca un lugar confiable y c\u00f3modo para alojar a sus empleados y clientes, Hotel Escorial es la opci\u00f3n perfecta. Nos esforzamos por brindar un servicio excepcional y garantizar que su estancia sea lo m\u00e1s agradable posible. P\u00f3ngase en contacto con nosotros para obtener m\u00e1s informaci\u00f3n sobre nuestros convenios empresariales y c\u00f3mo podemos ayudar a su empresa.<\/p>\n<p style=\"text-align: justify;\">\u00a1Esperamos darle la bienvenida pronto en Hotel Escorial!<\/p>\n<p>[\/vc_column_text][\/vc_column][\/vc_row][\/vc_section]<\/p>\n","protected":false},"excerpt":{"rendered":"<p>[vc_section][vc_row][vc_column][vc_column_text] \u00a0 \u00a0En el Hotel Escorial, entendemos la importancia de establecer relaciones a largo plazo con nuestros clientes empresariales. Por eso, ofrecemos convenios especiales para empresas que buscan un lugar c\u00f3modo y central para hospedarse en La Serena. \u00a0 \u00a0A trav\u00e9s de nuestros convenios, las empresas pueden disfrutar de descuentos especiales en el precio de<\/p>\n","protected":false},"author":1,"featured_media":0,"parent":0,"menu_order":0,"comment_status":"closed","ping_status":"closed","template":"","meta":[],"_links":{"self":[{"href":"https:\/\/www.hotelescorial.cl\/index.php?rest_route=\/wp\/v2\/pages\/2101"}],"collection":[{"href":"https:\/\/www.hotelescorial.cl\/index.php?rest_route=\/wp\/v2\/pages"}],"about":[{"href":"https:\/\/www.hotelescorial.cl\/index.php?rest_route=\/wp\/v2\/types\/page"}],"author":[{"embeddable":true,"href":"https:\/\/www.hotelescorial.cl\/index.php?rest_route=\/wp\/v2\/users\/1"}],"replies":[{"embeddable":true,"href":"https:\/\/www.hotelescorial.cl\/index.php?rest_route=%2Fwp%2Fv2%2Fcomments&post=2101"}],"version-history":[{"count":7,"href":"https:\/\/www.hotelescorial.cl\/index.php?rest_route=\/wp\/v2\/pages\/2101\/revisions"}],"predecessor-version":[{"id":2170,"href":"https:\/\/www.hotelescorial.cl\/index.php?rest_route=\/wp\/v2\/pages\/2101\/revisions\/2170"}],"wp:attachment":[{"href":"https:\/\/www.hotelescorial.cl\/index.php?rest_route=%2Fwp%2Fv2%2Fmedia&parent=2101"}],"curies":[{"name":"wp","href":"https:\/\/api.w.org\/{rel}","templated":true}]}}