{"id":2055,"date":"2023-02-05T04:54:36","date_gmt":"2023-02-05T04:54:36","guid":{"rendered":"https:\/\/www.hotelescorial.cl\/?page_id=2055"},"modified":"2023-03-30T16:01:59","modified_gmt":"2023-03-30T16:01:59","slug":"sala-de-reuniones","status":"publish","type":"page","link":"https:\/\/www.hotelescorial.cl\/?page_id=2055","title":{"rendered":"Sala de Reuniones"},"content":{"rendered":"<p>[vc_row][vc_column]\t\t\t<ul class=\"slider-single list-unstyled js-slider-single \">\r\n\t\t\t\t      \t<li><img width=\"1170\" height=\"563\" src=\"https:\/\/www.hotelescorial.cl\/wp-content\/uploads\/2019\/10\/galeria-rooms4.jpg\" class=\"img-fluid\" alt=\"\" decoding=\"async\" loading=\"lazy\" srcset=\"https:\/\/www.hotelescorial.cl\/wp-content\/uploads\/2019\/10\/galeria-rooms4.jpg 1170w, https:\/\/www.hotelescorial.cl\/wp-content\/uploads\/2019\/10\/galeria-rooms4-300x144.jpg 300w, https:\/\/www.hotelescorial.cl\/wp-content\/uploads\/2019\/10\/galeria-rooms4-768x370.jpg 768w, https:\/\/www.hotelescorial.cl\/wp-content\/uploads\/2019\/10\/galeria-rooms4-1024x493.jpg 1024w, https:\/\/www.hotelescorial.cl\/wp-content\/uploads\/2019\/10\/galeria-rooms4-370x178.jpg 370w, https:\/\/www.hotelescorial.cl\/wp-content\/uploads\/2019\/10\/galeria-rooms4-145x70.jpg 145w, https:\/\/www.hotelescorial.cl\/wp-content\/uploads\/2019\/10\/galeria-rooms4-600x289.jpg 600w\" sizes=\"(max-width: 1170px) 100vw, 1170px\" \/><\/li>\r\n        \t\t\t<\/ul>\r\n\t\t\r\n\t\t  [\/vc_column][\/vc_row][vc_row][vc_column][vc_empty_space height=\u00bb50px\u00bb][\/vc_column][\/vc_row][vc_row][vc_column width=\u00bb1\/3&#8243;][vc_column_text]<\/p>\n<div class=\"info-grid-label\" style=\"text-align: center;\">Capacidad<\/div>\n<div class=\"info-grid-text\" style=\"text-align: center;\">40 personas aprox.<br \/>\nApto movilidad reducida<\/div>\n<p>[\/vc_column_text][\/vc_column][vc_column width=\u00bb1\/3&#8243;][vc_column_text]<\/p>\n<div class=\"info-grid-label\" style=\"text-align: center;\">Equipamiento<\/div>\n<div class=\"info-grid-text\" style=\"text-align: center;\">Pizarra, Proyector e<br \/>\nInternet WIFI<\/div>\n<p>[\/vc_column_text][\/vc_column][vc_column width=\u00bb1\/3&#8243;][vc_column_text]<\/p>\n<div class=\"info-grid-label\" style=\"text-align: center;\">Incluye<\/div>\n<div class=\"info-grid-text\" style=\"text-align: center;\">Ba\u00f1os y estacionamientos<\/div>\n<p>[\/vc_column_text][\/vc_column][\/vc_row][vc_row][vc_column][vc_separator css=\u00bb.vc_custom_1675577883540{margin-top: 10px !important;}\u00bb][\/vc_column][\/vc_row][vc_row][vc_column width=\u00bb2\/3&#8243;][vc_column_text]<\/p>\n<p class=\"p1\" style=\"text-align: justify;\">\u00a0 \u00a0En Hotel Escorial ofrecemos dos salas de reuniones modernas y equipadas para satisfacer las necesidades de su evento. Ambas salas tienen capacidad para 40 personas y est\u00e1n dise\u00f1adas para proporcionar un ambiente de trabajo productivo. Estas salas son ideales para charlas, reuniones de negocios, conferencias y otras actividades similares.<\/p>\n<p class=\"p1\" style=\"text-align: justify;\">\u00a0 \u00a0Nuestras salas de reuniones cuentan con la tecnolog\u00eda necesaria para el correcto desarrollo de las actividades, como proyectores y notebook. Adem\u00e1s, ofrecemos servicios adicionales como la contrataci\u00f3n de coffee break para brindar una experiencia completa.<\/p>\n<p class=\"p1\" style=\"text-align: justify;\">\u00a0 \u00a0La ubicaci\u00f3n de nuestro hotel, en el centro de La Serena, lo hace accesible para todos y permite a sus invitados llegar f\u00e1cilmente a la sala de reuniones. Adem\u00e1s, nuestro personal amable y servicial estar\u00e1 encantado de ayudarlo en cualquier cosa que necesite durante su evento. Tambi\u00e9n, las salas cuentan con estacionamiento privado y techado dentro de las instalaciones.<span class=\"Apple-converted-space\">\u00a0<\/span><\/p>\n<p class=\"p1\" style=\"text-align: justify;\">\u00a0 \u00a0\u00a1Esperamos tener la oportunidad de ayudarlo a organizar su pr\u00f3ximo evento!<\/p>\n<p>[\/vc_column_text][\/vc_column][vc_column width=\u00bb1\/3&#8243;][vc_empty_space height=\u00bb30px\u00bb][vc_raw_html]JTNDZGl2JTIwY2xhc3MlM0QlMjJpbmZvLWJveC1jb2xvciUyMiUzRSUwQSUyMCUyMCUyMCUyMCUyMCUyMCUyMCUyMCUyMCUyMCUyMCUyMCUyMCUyMCUyMCUyMCUyMCUyMCUyMCUyMCUyMCUyMCUyMCUyMCUyMCUyMCUyMCUyMCUyMCUyMCUyMCUyMCUyMCUyMCUyMCUyMCUzQ3VsJTIwY2xhc3MlM0QlMjJtYXJrZXItbGlzdCUyMiUzRSUwQSUwQSUyMCUwOSUzQ2xpJTNFRXN0YWNpb25hbWllbnRvJTIwUHJpdmFkbyUzQyUyRmxpJTNFJTBBJTIwJTA5JTNDbGklM0VBY2Nlc28lMjBwZXJzb25hcyUyMGNvbiUyMG1vdmlsaWRhZCUyMHJlZHVjaWRhJTNDJTJGbGklM0UlMEElMjAlMDklM0NsaSUzRUNvZmZlZSUyMEJyZWFrJTNDJTJGbGklM0UlMEElMjAlMDklM0NsaSUzRVBpemFycmElM0MlMkZsaSUzRSUwQSUyMCUwOSUzQ2xpJTNFUHJveWVjdG9yJTNDJTJGbGklM0UlMEElMjAlMDklM0NsaSUzRVdpZmklM0MlMkZsaSUzRSUwQSUwQSUzQyUyRnVsJTNFJTBBJTIwJTIwJTIwJTIwJTIwJTIwJTIwJTIwJTIwJTIwJTIwJTIwJTIwJTIwJTIwJTIwJTIwJTIwJTIwJTIwJTIwJTIwJTIwJTIwJTIwJTIwJTIwJTIwJTIwJTIwJTIwJTIwJTIwJTIwJTIwJTIwJTNDZGl2JTIwY2xhc3MlM0QlMjJ0ZXh0LWNlbnRlciUyMG10LTIlMjIlM0UlMEElMjAlMjAlMjAlMjAlMjAlMjAlMjAlMjAlMjAlMjAlMjAlMjAlMjAlMjAlMjAlMjAlMjAlMjAlMjAlMjAlMjAlMjAlMjAlMjAlMjAlMjAlMjAlMjAlMjAlMjAlMjAlMjAlMjAlMjAlMjAlMjAlMjAlMjAlMjAlMjAlMjAlMjAlMjAlMjAlMjAlMjAlMjAlMjAlMjAlMjAlMjAlMjAlMjAlMjAlMjAlMjAlMjAlMjAlMjAlMjAlMjAlMjAlMjAlMjAlMjAlMjAlMjAlMjAlMjAlMjAlMjAlMjAlMjAlMjAlMjAlMjAlMjAlMjAlMjAlMjAlMjAlMjAlMjAlMjAlMjAlMjAlMjAlMjAlMjAlMjAlMjAlMjAlMjAlMjAlMjAlMjAlMjAlMjAlMjAlMjAlMjAlMjAlMjAlMjAlMjAlMjAlMjAlMjAlMjAlMjAlMjAlMjAlMjAlMjAlMjAlMjAlMjAlMjAlMjAlMjAlMjAlMjAlMjAlMjAlMjAlMjAlMjAlMjAlMjAlMjAlMjAlMjAlM0NkaXYlMjBjbGFzcyUzRCUyMmluZm8tYm94LXByaWNlJTIyJTNFJTBBJTIwJTIwJTIwJTIwJTIwJTIwJTIwJTIwJTIwJTIwJTIwJTIwJTIwJTIwJTIwJTIwJTIwJTIwJTIwJTIwJTIwJTIwJTIwJTIwJTIwJTIwJTIwJTIwJTIwJTIwJTIwJTIwJTIwJTIwJTIwJTIwJTIwJTIwJTIwJTIwJTIwJTIwJTIwJTIwJTIwJTIwJTIwJTIwJTBBJTBBJTIwJTIwJTIwJTIwJTIwJTIwJTIwJTIwJTBBJTBBJTA5JTA5JTIwJTIwJTIwJTIwJTIwJTIwJTIwJTIwJTIwJTIwJTIwJTIwJTNDc3BhbiUyMGNsYXNzJTNEJTIycHJpY2VfdmFsdWUlMjBwcmljZV9taW4lMjIlM0UlMjQwLjAlM0MlMkZzcGFuJTNFJTBBJTA5JTA5JTBBJTIwJTIwJTIwJTIwJTBBJTIwJTIwJTIwJTIwJTIwJTIwJTIwJTIwJTIwJTIwJTIwJTIwJTIwJTIwJTIwJTIwJTIwJTIwJTIwJTIwJTIwJTIwJTIwJTIwJTIwJTIwJTIwJTIwJTIwJTIwJTIwJTIwJTIwJTIwJTIwJTIwJTIwJTIwJTIwJTIwJTIwJTIwJTIwJTIwJTIwJTIwJTIwJTIwJTNDJTJGZGl2JTNFJTBBJTIwJTIwJTIwJTIwJTIwJTIwJTIwJTIwJTIwJTIwJTIwJTIwJTIwJTIwJTIwJTIwJTIwJTIwJTIwJTIwJTIwJTIwJTIwJTIwJTIwJTIwJTIwJTIwJTIwJTIwJTIwJTIwJTIwJTIwJTIwJTIwJTIwJTIwJTIwJTIwJTIwJTIwJTIwJTIwJTIwJTIwJTIwJTIwJTIwJTIwJTIwJTIwJTIwJTIwJTIwJTIwJTIwJTIwJTIwJTIwJTIwJTIwJTIwJTIwJTIwJTIwJTIwJTIwJTIwJTIwJTIwJTIwJTIwJTIwJTIwJTIwJTIwJTIwJTIwJTIwJTIwJTIwJTIwJTIwJTBBJTIwJTIwJTIwJTIwJTIwJTIwJTIwJTIwJTIwJTIwJTIwJTIwJTIwJTIwJTIwJTIwJTIwJTIwJTIwJTIwJTIwJTIwJTIwJTIwJTIwJTIwJTIwJTIwJTIwJTIwJTIwJTIwJTIwJTIwJTIwJTIwJTIwJTIwJTIwJTIwJTIwJTIwJTIwJTIwJTIwJTIwJTIwJTIwJTIwJTIwJTIwJTIwJTIwJTIwJTIwJTIwJTIwJTIwJTIwJTIwJTIwJTIwJTIwJTIwJTIwJTIwJTIwJTIwJTIwJTIwJTIwJTIwJTIwJTIwJTIwJTIwJTIwJTIwJTIwJTIwJTIwJTNDZGl2JTIwY2xhc3MlM0QlMjJtdC0yJTIyJTNFJTNDYSUyMGhyZWYlM0QlMjJqYXZhc2NyaXB0JTNBdm9pZCUyODAlMjklMjIlMjBjbGFzcyUzRCUyMmJ0biUyMGJ0bi1wcmltYXJ5JTIwYnRuLXdoaXRlJTIwYnRuLWJsb2NrJTIyJTIwZGF0YS10b2dnbGUlM0QlMjJtb2RhbCUyMiUyMGRhdGEtdGFyZ2V0JTNEJTIyJTIzbW9kYWxCb29raW5nJTIyJTNFQk9PSyUyME5PVyUzQyUyRmElM0UlM0MlMkZkaXYlM0UlMEElMjAlMjAlMjAlMjAlMjAlMjAlMjAlMjAlMjAlMjAlMjAlMjAlMjAlMjAlMjAlMjAlMjAlMjAlMjAlMjAlMjAlMjAlMjAlMjAlMjAlMjAlMjAlMjAlMjAlMjAlMjAlMjAlMjAlMjAlMjAlMjAlMjAlMjAlMjAlMjAlMEElMEElMjAlMjAlMjAlMjAlMjAlMjAlMjAlMjAlMjAlMjAlMjAlMjAlMjAlMjAlMjAlMjAlMjAlMjAlMjAlMjAlMjAlMjAlMjAlMjAlMjAlMjAlMjAlMjAlMjAlMjAlMjAlMjAlMjAlMjAlMjAlMjAlMjAlMjAlMjAlMjAlMjAlMjAlMjAlMjAlMjAlMjAlMjAlMjAlMjAlMjAlMjAlMjAlMjAlMjAlMjAlMjAlMjAlMjAlMjAlMjAlMjAlMjAlMjAlMjAlMjAlMjAlMjAlMjAlMjAlMjAlMjAlMjAlMjAlMjAlMjAlMjAlMjAlMjAlMjAlMjAlMEElMjAlMjAlMjAlMjAlMjAlMjAlMjAlMjAlMjAlMjAlMjAlMjAlMjAlMjAlMjAlMjAlMjAlMjAlMjAlMjAlMjAlMjAlMjAlMjAlMjAlMjAlMjAlMjAlMjAlMjAlMjAlMjAlMjAlMjAlMjAlMjAlMjAlMjAlMjAlMjAlM0NwJTIwY2xhc3MlM0QlMjJwLXNtJTIwbXQtMiUyMiUzRUJlc3QlMjBDaG9pY2UlMjAtJTIwTG93JTIwUHJpY2UlMjBHdWFyYW50ZWUlM0MlMkZwJTNFJTBBJTIwJTIwJTIwJTIwJTIwJTIwJTIwJTIwJTIwJTIwJTIwJTIwJTIwJTIwJTIwJTIwJTIwJTIwJTIwJTIwJTIwJTIwJTIwJTIwJTIwJTIwJTIwJTIwJTIwJTIwJTIwJTIwJTIwJTIwJTIwJTIwJTBBJTIwJTIwJTIwJTIwJTIwJTIwJTIwJTIwJTIwJTIwJTIwJTIwJTIwJTIwJTIwJTIwJTIwJTIwJTIwJTIwJTIwJTIwJTIwJTIwJTIwJTIwJTIwJTIwJTIwJTIwJTIwJTIwJTIwJTIwJTIwJTIwJTNDJTJGZGl2JTNFJTBBJTIwJTIwJTIwJTIwJTIwJTIwJTIwJTIwJTIwJTIwJTIwJTIwJTIwJTIwJTIwJTIwJTIwJTIwJTIwJTIwJTIwJTIwJTIwJTIwJTIwJTIwJTIwJTIwJTIwJTIwJTIwJTIwJTIwJTNDJTJGZGl2JTNF[\/vc_raw_html][vc_empty_space height=\u00bb10px\u00bb][vc_raw_html]JTNDZGl2JTIwY2xhc3MlM0QlMjJpbmZvLWJveC1ncmV5JTIyJTNFJTBBJTIwJTIwJTNDZGl2JTIwaWQlM0QlMjJ0ZXh0LTIlMjIlMjBjbGFzcyUzRCUyMndpZGdldF90ZXh0JTIyJTNFJTA5JTA5JTA5JTBBJTIwJTIwJTIwJTIwJTIwJTNDZGl2JTIwY2xhc3MlM0QlMjJ0ZXh0d2lkZ2V0JTIyJTNFJTNDaDQlM0VSZXNlcnZhcyUyMGRpcmVjdGFzJTNDJTJGaDQlM0UlMEElMjAlMjAlMjAlMjAlMjAlMjAlM0N1bCUyMGNsYXNzJTNEJTIyaWNuLWxpc3QlMjIlM0UlMEElMjAlMjAlMjAlMjAlMjAlMjAlMjAlMjAlM0NsaSUzRSUzQ2klMjBjbGFzcyUzRCUyMmljb24tdGVsZXBob25lJTIyJTNFJTNDJTJGaSUzRSUyODUxJTI5JTIwMjIyJTIwNDc5MyUzQyUyRmxpJTNFJTBBJTIwJTIwJTIwJTIwJTIwJTIwJTIwJTIwJTNDbGklM0UlM0NpJTIwY2xhc3MlM0QlMjJpY29uLXRlbGVwaG9uZSUyMiUzRSUzQyUyRmklM0UlM0NhJTIwaHJlZiUzRCUyMmh0dHBzJTNBJTJGJTJGd2EubGluayUyRmJrYjgzaCUyMiUyMHRhcmdldCUzRCUyMl9ibGFuayUyMiUyMHJlbCUzRCUyMm5vb3BlbmVyJTIyJTNFJTJCNTYlMjA5JTIwODI0OSUyMDIxMDYlM0MlMkZhJTNFJTNDJTJGbGklM0UlMEElMjAlMjAlMjAlMjAlMjAlMjAlMjAlMjAlM0NsaSUzRSUzQ2klMjBjbGFzcyUzRCUyMmljb24tY2xvc2VkLWVudmVsb3BlJTIyJTNFJTNDJTJGaSUzRWluZm8lNDBob3RlbGVzY29yaWFsLmNsJTNDJTJGbGklM0UlMEElMjAlMjAlMjAlMjAlMjAlMjAlM0MlMkZ1bCUzRSUwQSUyMCUyMCUyMCUyMCUyMCUzQyUyRmRpdiUzRSUwQSUyMCUyMCUyMCUzQyUyRmRpdiUzRSUwQSUzQyUyRmRpdiUzRQ==[\/vc_raw_html][\/vc_column][\/vc_row]<\/p>\n","protected":false},"excerpt":{"rendered":"<p>[vc_row][vc_column][\/vc_column][\/vc_row][vc_row][vc_column][vc_empty_space height=\u00bb50px\u00bb][\/vc_column][\/vc_row][vc_row][vc_column width=\u00bb1\/3&#8243;][vc_column_text] Capacidad 40 personas aprox. Apto movilidad reducida [\/vc_column_text][\/vc_column][vc_column width=\u00bb1\/3&#8243;][vc_column_text] Equipamiento Pizarra, Proyector e Internet WIFI [\/vc_column_text][\/vc_column][vc_column width=\u00bb1\/3&#8243;][vc_column_text] Incluye Ba\u00f1os y estacionamientos [\/vc_column_text][\/vc_column][\/vc_row][vc_row][vc_column][vc_separator css=\u00bb.vc_custom_1675577883540{margin-top: 10px !important;}\u00bb][\/vc_column][\/vc_row][vc_row][vc_column width=\u00bb2\/3&#8243;][vc_column_text] \u00a0 \u00a0En Hotel Escorial ofrecemos dos salas de reuniones modernas y equipadas para satisfacer las necesidades de su evento. Ambas salas tienen capacidad para 40 personas<\/p>\n","protected":false},"author":1,"featured_media":0,"parent":0,"menu_order":0,"comment_status":"closed","ping_status":"closed","template":"","meta":[],"_links":{"self":[{"href":"https:\/\/www.hotelescorial.cl\/index.php?rest_route=\/wp\/v2\/pages\/2055"}],"collection":[{"href":"https:\/\/www.hotelescorial.cl\/index.php?rest_route=\/wp\/v2\/pages"}],"about":[{"href":"https:\/\/www.hotelescorial.cl\/index.php?rest_route=\/wp\/v2\/types\/page"}],"author":[{"embeddable":true,"href":"https:\/\/www.hotelescorial.cl\/index.php?rest_route=\/wp\/v2\/users\/1"}],"replies":[{"embeddable":true,"href":"https:\/\/www.hotelescorial.cl\/index.php?rest_route=%2Fwp%2Fv2%2Fcomments&post=2055"}],"version-history":[{"count":41,"href":"https:\/\/www.hotelescorial.cl\/index.php?rest_route=\/wp\/v2\/pages\/2055\/revisions"}],"predecessor-version":[{"id":2168,"href":"https:\/\/www.hotelescorial.cl\/index.php?rest_route=\/wp\/v2\/pages\/2055\/revisions\/2168"}],"wp:attachment":[{"href":"https:\/\/www.hotelescorial.cl\/index.php?rest_route=%2Fwp%2Fv2%2Fmedia&parent=2055"}],"curies":[{"name":"wp","href":"https:\/\/api.w.org\/{rel}","templated":true}]}}