{"id":1437,"date":"2018-01-23T11:18:55","date_gmt":"2018-01-23T11:18:55","guid":{"rendered":"http:\/\/192.168.0.110\/wp-themes\/best-hotel\/?page_id=2"},"modified":"2023-03-13T21:59:20","modified_gmt":"2023-03-13T21:59:20","slug":"hotel","status":"publish","type":"page","link":"https:\/\/www.hotelescorial.cl\/?page_id=1437","title":{"rendered":"Hotel"},"content":{"rendered":"<p>[vc_row full_width=\u00bbstretch_row\u00bb el_class=\u00bbbg-grey\u00bb][vc_column width=\u00bb1\/2&#8243;][vc_column_text]<\/p>\n<h2 class=\"mb-lg-0\">Hotel El Escorial<\/h2>\n<p>[\/vc_column_text][vc_column_text]<\/p>\n<div class=\"mt-2\" style=\"text-align: justify;\">\u00a0 \u00a0El Hotel Escorial es un hotel hist\u00f3rico ubicado en el coraz\u00f3n del centro hist\u00f3rico de La Serena. Con un estilo colonial \u00fanico, el hotel ofrece una experiencia de alojamiento inolvidable en una de las ciudades m\u00e1s hermosas de Chile.<\/div>\n<div style=\"text-align: justify;\"><\/div>\n<div class=\"mt-2\" style=\"text-align: justify;\">\u00a0 \u00a0La excelente ubicaci\u00f3n del hotel le permite disfrutar de todo lo que la ciudad tiene para ofrecer, desde la historia y la arquitectura, hasta la vida nocturna y los restaurantes. Adem\u00e1s, el hotel cuenta con una variedad de comodidades para hacer su estancia a\u00fan m\u00e1s agradable, como estacionamiento privado, desayuno, wifi y televisi\u00f3n gratuitos en todas las habitaciones.<\/div>\n<div style=\"text-align: justify;\"><\/div>\n<div class=\"mt-2\" style=\"text-align: justify;\">\u00a0 \u00a0Comience su d\u00eda con un delicioso desayuno continental en nuestro hotel. Servimos un desayuno con distintas opciones diarias, desde frutas frescas hasta pasteler\u00eda casera, para asegurarnos que comience el d\u00eda con energ\u00eda. El desayuno se sirve diariamente entre las 8:00 y las 10:00 hrs, por lo que podr\u00e1 disfrutarlo a su ritmo.<\/div>\n<div style=\"text-align: justify;\"><\/div>\n<div class=\"mt-2\" style=\"text-align: justify;\">\u00a0 \u00a0Adem\u00e1s, nuestra amplia sala de desayuno est\u00e1 dise\u00f1ada para que pueda disfrutar de un ambiente relajado mientras disfruta de su primera comida del d\u00eda.<\/div>\n<p>[\/vc_column_text][\/vc_column][vc_column width=\u00bb1\/2&#8243; el_class=\u00bbmt-3 mt-md-0&#8243;]\t\t\t<ul class=\"slider-single list-unstyled js-slider-single \">\r\n\t\t\t\t      \t<li><img width=\"1280\" height=\"960\" src=\"https:\/\/www.hotelescorial.cl\/wp-content\/uploads\/2019\/10\/IMG_2979.jpg\" class=\"img-fluid\" alt=\"\" decoding=\"async\" loading=\"lazy\" srcset=\"https:\/\/www.hotelescorial.cl\/wp-content\/uploads\/2019\/10\/IMG_2979.jpg 1280w, https:\/\/www.hotelescorial.cl\/wp-content\/uploads\/2019\/10\/IMG_2979-300x225.jpg 300w, https:\/\/www.hotelescorial.cl\/wp-content\/uploads\/2019\/10\/IMG_2979-1024x768.jpg 1024w, https:\/\/www.hotelescorial.cl\/wp-content\/uploads\/2019\/10\/IMG_2979-768x576.jpg 768w, https:\/\/www.hotelescorial.cl\/wp-content\/uploads\/2019\/10\/IMG_2979-751x563.jpg 751w, https:\/\/www.hotelescorial.cl\/wp-content\/uploads\/2019\/10\/IMG_2979-370x278.jpg 370w, https:\/\/www.hotelescorial.cl\/wp-content\/uploads\/2019\/10\/IMG_2979-319x239.jpg 319w, https:\/\/www.hotelescorial.cl\/wp-content\/uploads\/2019\/10\/IMG_2979-140x105.jpg 140w\" sizes=\"(max-width: 1280px) 100vw, 1280px\" \/><\/li>\r\n             \t<li><img width=\"1280\" height=\"960\" src=\"https:\/\/www.hotelescorial.cl\/wp-content\/uploads\/2019\/10\/IMG_2966.jpg\" class=\"img-fluid\" alt=\"\" decoding=\"async\" loading=\"lazy\" srcset=\"https:\/\/www.hotelescorial.cl\/wp-content\/uploads\/2019\/10\/IMG_2966.jpg 1280w, https:\/\/www.hotelescorial.cl\/wp-content\/uploads\/2019\/10\/IMG_2966-300x225.jpg 300w, https:\/\/www.hotelescorial.cl\/wp-content\/uploads\/2019\/10\/IMG_2966-1024x768.jpg 1024w, https:\/\/www.hotelescorial.cl\/wp-content\/uploads\/2019\/10\/IMG_2966-768x576.jpg 768w, https:\/\/www.hotelescorial.cl\/wp-content\/uploads\/2019\/10\/IMG_2966-751x563.jpg 751w, https:\/\/www.hotelescorial.cl\/wp-content\/uploads\/2019\/10\/IMG_2966-370x278.jpg 370w, https:\/\/www.hotelescorial.cl\/wp-content\/uploads\/2019\/10\/IMG_2966-319x239.jpg 319w, https:\/\/www.hotelescorial.cl\/wp-content\/uploads\/2019\/10\/IMG_2966-140x105.jpg 140w\" sizes=\"(max-width: 1280px) 100vw, 1280px\" \/><\/li>\r\n             \t<li><img width=\"1280\" height=\"1024\" src=\"https:\/\/www.hotelescorial.cl\/wp-content\/uploads\/2019\/10\/IMG_2988.jpg\" class=\"img-fluid\" alt=\"\" decoding=\"async\" loading=\"lazy\" srcset=\"https:\/\/www.hotelescorial.cl\/wp-content\/uploads\/2019\/10\/IMG_2988.jpg 1280w, https:\/\/www.hotelescorial.cl\/wp-content\/uploads\/2019\/10\/IMG_2988-300x240.jpg 300w, https:\/\/www.hotelescorial.cl\/wp-content\/uploads\/2019\/10\/IMG_2988-1024x819.jpg 1024w, https:\/\/www.hotelescorial.cl\/wp-content\/uploads\/2019\/10\/IMG_2988-768x614.jpg 768w, https:\/\/www.hotelescorial.cl\/wp-content\/uploads\/2019\/10\/IMG_2988-704x563.jpg 704w, https:\/\/www.hotelescorial.cl\/wp-content\/uploads\/2019\/10\/IMG_2988-370x296.jpg 370w, https:\/\/www.hotelescorial.cl\/wp-content\/uploads\/2019\/10\/IMG_2988-299x239.jpg 299w, https:\/\/www.hotelescorial.cl\/wp-content\/uploads\/2019\/10\/IMG_2988-131x105.jpg 131w\" sizes=\"(max-width: 1280px) 100vw, 1280px\" \/><\/li>\r\n             \t<li><img width=\"1280\" height=\"960\" src=\"https:\/\/www.hotelescorial.cl\/wp-content\/uploads\/2019\/10\/IMG_2933.jpg\" class=\"img-fluid\" alt=\"\" decoding=\"async\" loading=\"lazy\" srcset=\"https:\/\/www.hotelescorial.cl\/wp-content\/uploads\/2019\/10\/IMG_2933.jpg 1280w, https:\/\/www.hotelescorial.cl\/wp-content\/uploads\/2019\/10\/IMG_2933-300x225.jpg 300w, https:\/\/www.hotelescorial.cl\/wp-content\/uploads\/2019\/10\/IMG_2933-1024x768.jpg 1024w, https:\/\/www.hotelescorial.cl\/wp-content\/uploads\/2019\/10\/IMG_2933-768x576.jpg 768w, https:\/\/www.hotelescorial.cl\/wp-content\/uploads\/2019\/10\/IMG_2933-751x563.jpg 751w, https:\/\/www.hotelescorial.cl\/wp-content\/uploads\/2019\/10\/IMG_2933-370x278.jpg 370w, https:\/\/www.hotelescorial.cl\/wp-content\/uploads\/2019\/10\/IMG_2933-319x239.jpg 319w, https:\/\/www.hotelescorial.cl\/wp-content\/uploads\/2019\/10\/IMG_2933-140x105.jpg 140w\" sizes=\"(max-width: 1280px) 100vw, 1280px\" \/><\/li>\r\n        \t\t\t<\/ul>\r\n\t\t\r\n\t\t  [vc_column_text]<\/p>\n<div><\/div>\n<div style=\"text-align: justify;\"><\/div>\n<div class=\"mt-2\" style=\"text-align: left;\">\u00a0 \u00a0Nuestro personal amable y servicial estar\u00e1 encantado de ayudarlo en cualquier cosa que necesite durante su estancia. \u00a1Esperamos darle la bienvenida pronto en el Hotel Escorial!<\/div>\n<div><\/div>\n<h5 class=\"mt-2\"><strong>\u00a1Reserve su habitaci\u00f3n hoy!<\/strong><\/h5>\n<p>[\/vc_column_text][\/vc_column][\/vc_row]<\/p>\n","protected":false},"excerpt":{"rendered":"<p>[vc_row full_width=\u00bbstretch_row\u00bb el_class=\u00bbbg-grey\u00bb][vc_column width=\u00bb1\/2&#8243;][vc_column_text] Hotel El Escorial [\/vc_column_text][vc_column_text] \u00a0 \u00a0El Hotel Escorial es un hotel hist\u00f3rico ubicado en el coraz\u00f3n del centro hist\u00f3rico de La Serena. Con un estilo colonial \u00fanico, el hotel ofrece una experiencia de alojamiento inolvidable en una de las ciudades m\u00e1s hermosas de Chile. \u00a0 \u00a0La excelente ubicaci\u00f3n del hotel le<\/p>\n","protected":false},"author":1,"featured_media":0,"parent":0,"menu_order":0,"comment_status":"closed","ping_status":"closed","template":"","meta":[],"_links":{"self":[{"href":"https:\/\/www.hotelescorial.cl\/index.php?rest_route=\/wp\/v2\/pages\/1437"}],"collection":[{"href":"https:\/\/www.hotelescorial.cl\/index.php?rest_route=\/wp\/v2\/pages"}],"about":[{"href":"https:\/\/www.hotelescorial.cl\/index.php?rest_route=\/wp\/v2\/types\/page"}],"author":[{"embeddable":true,"href":"https:\/\/www.hotelescorial.cl\/index.php?rest_route=\/wp\/v2\/users\/1"}],"replies":[{"embeddable":true,"href":"https:\/\/www.hotelescorial.cl\/index.php?rest_route=%2Fwp%2Fv2%2Fcomments&post=1437"}],"version-history":[{"count":26,"href":"https:\/\/www.hotelescorial.cl\/index.php?rest_route=\/wp\/v2\/pages\/1437\/revisions"}],"predecessor-version":[{"id":2157,"href":"https:\/\/www.hotelescorial.cl\/index.php?rest_route=\/wp\/v2\/pages\/1437\/revisions\/2157"}],"wp:attachment":[{"href":"https:\/\/www.hotelescorial.cl\/index.php?rest_route=%2Fwp%2Fv2%2Fmedia&parent=1437"}],"curies":[{"name":"wp","href":"https:\/\/api.w.org\/{rel}","templated":true}]}}